{"id":2,"date":"2020-06-30T23:10:20","date_gmt":"2020-06-30T21:10:20","guid":{"rendered":"http:\/\/latelierdesylvie.art\/?page_id=2"},"modified":"2023-04-12T16:28:27","modified_gmt":"2023-04-12T14:28:27","slug":"page-d-exemple","status":"publish","type":"page","link":"https:\/\/latelierdesylvie.art\/","title":{"rendered":"Bonjour, et bienvenue"},"content":{"rendered":"\n<figure class=\"wp-block-image size-large\"><img decoding=\"async\" loading=\"lazy\" width=\"1024\" height=\"819\" src=\"http:\/\/latelierdesylvie.art\/wp-content\/uploads\/2023\/04\/IMG_E4356-1024x819.jpg\" alt=\"\" class=\"wp-image-185 img-fluid\" srcset=\"https:\/\/latelierdesylvie.art\/wp-content\/uploads\/2023\/04\/IMG_E4356-1024x819.jpg 1024w, https:\/\/latelierdesylvie.art\/wp-content\/uploads\/2023\/04\/IMG_E4356-300x240.jpg 300w, https:\/\/latelierdesylvie.art\/wp-content\/uploads\/2023\/04\/IMG_E4356-768x614.jpg 768w, https:\/\/latelierdesylvie.art\/wp-content\/uploads\/2023\/04\/IMG_E4356-1536x1228.jpg 1536w, https:\/\/latelierdesylvie.art\/wp-content\/uploads\/2023\/04\/IMG_E4356-2048x1638.jpg 2048w, https:\/\/latelierdesylvie.art\/wp-content\/uploads\/2023\/04\/IMG_E4356-900x720.jpg 900w, https:\/\/latelierdesylvie.art\/wp-content\/uploads\/2023\/04\/IMG_E4356-1200x960.jpg 1200w, https:\/\/latelierdesylvie.art\/wp-content\/uploads\/2023\/04\/IMG_E4356-600x480.jpg 600w\" sizes=\"(max-width: 1024px) 100vw, 1024px\" \/><\/figure>\n\n\n\n<p>Venez d\u00e9couvrir mon univers artistique o\u00f9 toutes les fantaisies sont permises&nbsp;: couleurs, formes, techniques (pinceaux, couteau) et styles de peinture.<\/p>\n\n\n\n<p>Toutes les \u0153uvres pr\u00e9sent\u00e9es sont r\u00e9alis\u00e9es \u00e0 la peinture \u00e0 l\u2019huile mais ma passion et ma curiosit\u00e9 m\u2019incitent \u00e0 essayer d\u2019autres m\u00e9thodes&nbsp;!<\/p>\n\n\n\n<p>Pendant votre visite, peut \u00eatre serez vous touch\u00e9s au plus profond de votre c\u0153ur, \u00e9prouverez vous des \u00e9motions, aurez vous du plaisir \u00e0 les contempler et ainsi esquisserez vous un sourire ou une larme&nbsp;?<\/p>\n\n\n\n<p> <\/p>\n","protected":false},"excerpt":{"rendered":"<p>Venez d\u00e9couvrir mon univers artistique o\u00f9 toutes les fantaisies sont permises&nbsp;: couleurs, formes, techniques (pinceaux, couteau) et styles de peinture. Toutes les \u0153uvres pr\u00e9sent\u00e9es sont r\u00e9alis\u00e9es \u00e0 la peinture \u00e0 l\u2019huile mais&#8230;<\/p>\n","protected":false},"author":1,"featured_media":0,"parent":0,"menu_order":0,"comment_status":"closed","ping_status":"open","template":"","meta":[],"_links":{"self":[{"href":"https:\/\/latelierdesylvie.art\/index.php?rest_route=\/wp\/v2\/pages\/2"}],"collection":[{"href":"https:\/\/latelierdesylvie.art\/index.php?rest_route=\/wp\/v2\/pages"}],"about":[{"href":"https:\/\/latelierdesylvie.art\/index.php?rest_route=\/wp\/v2\/types\/page"}],"author":[{"embeddable":true,"href":"https:\/\/latelierdesylvie.art\/index.php?rest_route=\/wp\/v2\/users\/1"}],"replies":[{"embeddable":true,"href":"https:\/\/latelierdesylvie.art\/index.php?rest_route=%2Fwp%2Fv2%2Fcomments&post=2"}],"version-history":[{"count":7,"href":"https:\/\/latelierdesylvie.art\/index.php?rest_route=\/wp\/v2\/pages\/2\/revisions"}],"predecessor-version":[{"id":219,"href":"https:\/\/latelierdesylvie.art\/index.php?rest_route=\/wp\/v2\/pages\/2\/revisions\/219"}],"wp:attachment":[{"href":"https:\/\/latelierdesylvie.art\/index.php?rest_route=%2Fwp%2Fv2%2Fmedia&parent=2"}],"curies":[{"name":"wp","href":"https:\/\/api.w.org\/{rel}","templated":true}]}}